{"id":29,"date":"2019-12-02T09:38:14","date_gmt":"2019-12-02T09:38:14","guid":{"rendered":"https:\/\/www.ds-lighting.de\/?page_id=29"},"modified":"2019-12-02T09:38:16","modified_gmt":"2019-12-02T09:38:16","slug":"agbs","status":"publish","type":"page","link":"https:\/\/www.ds-lighting.de\/index.php\/agbs\/","title":{"rendered":"AGB`s"},"content":{"rendered":"\n<p><strong>1.Allgemeine Bestimmungen<\/strong><br><\/p>\n\n\n\n<p>F\u00fcr alle Angebote und Leistungen von DS Lighting<\/p>\n\n\n\n<p>gelten ausschlie\u00dflich die nachstehenden Allgemeinen Gesch\u00e4ftsbedingungen (AGB). Abweichende<\/p>\n\n\n\n<p>Bestimmungen sind nur g\u00fcltig, wenn sie vom Unternehmen ausdr\u00fccklich schriftlich<\/p>\n\n\n\n<p>anerkannt wurden.<\/p>\n\n\n\n<p><strong>2.Angebote und Preise<\/strong><\/p>\n\n\n\n<p>2.1 Unsere Angebote sind freibleibend und unverbindlich. Ein Vertrag (Auftrag) mit dem Kunden<\/p>\n\n\n\n<p>kommt erst mit Erteilung der schriftlichen Auftragsbest\u00e4tigung durch uns zustande.<\/p>\n\n\n\n<p>Die \u00dcbersendung einer Rechnung kommt einer Auftragsbest\u00e4tigung gleich. Wir behalten uns das Recht vor, Preise<\/p>\n\n\n\n<p>und Konditionen jederzeit zu \u00e4ndern.<\/p>\n\n\n\n<p>2.2 Ma\u00dfgebend f\u00fcr die Preisberechnung ist der am Tage der Lieferung oder Leistung g\u00fcltige Preis.<\/p>\n\n\n\n<p>2.3 Bei offenkundig fehlerhafter Preisfestsetzung oder bei offenkundigen Rechenfehlern sind wir zu entsprechenden<\/p>\n\n\n\n<p>Nachforderungen berechtigt.<\/p>\n\n\n\n<p><strong>3.Zahlungsbedingungen<\/strong><\/p>\n\n\n\n<p>3.1 Unsere Rechnungen sind innerhalb von 8 Tagen nach Rechnungsdatum ohne Abzug zahlbar.<\/p>\n\n\n\n<p>3.2 Bei versp\u00e4teter Zahlung k\u00f6nnen Verzugszinsen in H\u00f6he von 4 % \u00fcber dem Basiszinssatz der Europ\u00e4ischen Zentralbank<\/p>\n\n\n\n<p>berechnet werden. Dar\u00fcber hinausgehende Anspr\u00fcche sind vorbehalten.<\/p>\n\n\n\n<p>3.3 Sollte ein Widerspruch nicht 4 Tage vor Beginn der Dienstleistung eingereicht werden z\u00e4hlt diese als<\/p>\n\n\n\n<p>nichtig und muss mit dem vollen vereinbarten Dienstleistungspreis gezahlt werden, au\u00dfer wenn dies durch h\u00f6here Gewalt nicht anderes m\u00f6glich ist .<\/p>\n\n\n\n<p><strong>4.Lieferung<\/strong><\/p>\n\n\n\n<p>4.1 Von uns genannte Fristen, insbesondere Liefertermine, sind nur verbindlich, wenn sie ausdr\u00fccklich als verbindlich bezeichnet wurden.<\/p>\n\n\n\n<p>Die Lieferungen erfolgen stets auf Rechnung und Gefahr des Empf\u00e4ngers (auch wenn frachtfreie Lieferung vereinbart ist).<\/p>\n\n\n\n<p>4.2 Liefer- und Leistungsfristen verl\u00e4ngern sich angemessen bei Eintritt h\u00f6herer Gewalt und allen sonst von uns nicht zu vertretenden Hindernissen,<\/p>\n\n\n\n<p>welche auf die Lieferung oder Leistung von erheblichem Einfluss sind, insbesondere bei Streik oder Aussperrung unserer Lieferanten oder Unterlieferanten.<\/p>\n\n\n\n<p>4.3 Wir sind berechtigt, Teillieferungen vorzunehmen .<\/p>\n\n\n\n<p><strong>5. Eigentumsvorbehalt<\/strong><\/p>\n\n\n\n<p>Wenn der Rechnungsbetrag nicht Rechtzeitig \u00fcberwiesen oder in bar erhalten wurde, behalten wir uns vor, weiter Dienstleistungen kurzfristig abzusagen.<\/p>\n\n\n\n<p><strong>6. Gew\u00e4hrleistung (M\u00e4ngelhaftung)<\/strong><\/p>\n\n\n\n<p>Wir sind immer gewillt, unsere beste Leistung zu zeigen und auch in unserer besten Leistung den Auftrag durch zuf\u00fchren.<\/p>\n\n\n\n<p>Sollte dies nicht den Anspr\u00fcchen des Auftragsgebers entsprechen, ist er trotzdem<\/p>\n\n\n\n<p>verpflichtet die Dienstleistung voll zu bezahlen .<\/p>\n","protected":false},"excerpt":{"rendered":"<p>1.Allgemeine Bestimmungen F\u00fcr alle Angebote und Leistungen von DS Lighting gelten ausschlie\u00dflich die nachstehenden Allgemeinen Gesch\u00e4ftsbedingungen (AGB). Abweichende Bestimmungen sind nur g\u00fcltig, wenn sie vom Unternehmen ausdr\u00fccklich schriftlich anerkannt wurden. 2.Angebote und Preise 2.1 Unsere Angebote sind freibleibend und unverbindlich. Ein Vertrag (Auftrag) mit dem Kunden kommt erst mit Erteilung&hellip;<\/p>\n","protected":false},"author":1,"featured_media":0,"parent":0,"menu_order":0,"comment_status":"closed","ping_status":"closed","template":"","meta":{"ngg_post_thumbnail":0},"yoast_head":"<!-- This site is optimized with the Yoast SEO plugin v21.8.1 - https:\/\/yoast.com\/wordpress\/plugins\/seo\/ -->\n<title>AGB`s - DS Lighting<\/title>\n<meta name=\"robots\" content=\"index, follow, max-snippet:-1, max-image-preview:large, max-video-preview:-1\" \/>\n<link rel=\"canonical\" href=\"https:\/\/www.ds-lighting.de\/index.php\/agbs\/\" \/>\n<meta property=\"og:locale\" content=\"de_DE\" \/>\n<meta property=\"og:type\" content=\"article\" \/>\n<meta property=\"og:title\" content=\"AGB`s - DS Lighting\" \/>\n<meta property=\"og:description\" content=\"1.Allgemeine Bestimmungen F\u00fcr alle Angebote und Leistungen von DS Lighting gelten ausschlie\u00dflich die nachstehenden Allgemeinen Gesch\u00e4ftsbedingungen (AGB). Abweichende Bestimmungen sind nur g\u00fcltig, wenn sie vom Unternehmen ausdr\u00fccklich schriftlich anerkannt wurden. 2.Angebote und Preise 2.1 Unsere Angebote sind freibleibend und unverbindlich. Ein Vertrag (Auftrag) mit dem Kunden kommt erst mit Erteilung&hellip;\" \/>\n<meta property=\"og:url\" content=\"https:\/\/www.ds-lighting.de\/index.php\/agbs\/\" \/>\n<meta property=\"og:site_name\" content=\"DS Lighting\" \/>\n<meta property=\"article:modified_time\" content=\"2019-12-02T09:38:16+00:00\" \/>\n<meta name=\"twitter:card\" content=\"summary_large_image\" \/>\n<meta name=\"twitter:label1\" content=\"Gesch\u00e4tzte Lesezeit\" \/>\n\t<meta name=\"twitter:data1\" content=\"2\u00a0Minuten\" \/>\n<script type=\"application\/ld+json\" class=\"yoast-schema-graph\">{\"@context\":\"https:\/\/schema.org\",\"@graph\":[{\"@type\":\"WebPage\",\"@id\":\"https:\/\/www.ds-lighting.de\/index.php\/agbs\/\",\"url\":\"https:\/\/www.ds-lighting.de\/index.php\/agbs\/\",\"name\":\"AGB`s - DS Lighting\",\"isPartOf\":{\"@id\":\"https:\/\/www.ds-lighting.de\/#website\"},\"datePublished\":\"2019-12-02T09:38:14+00:00\",\"dateModified\":\"2019-12-02T09:38:16+00:00\",\"breadcrumb\":{\"@id\":\"https:\/\/www.ds-lighting.de\/index.php\/agbs\/#breadcrumb\"},\"inLanguage\":\"de\",\"potentialAction\":[{\"@type\":\"ReadAction\",\"target\":[\"https:\/\/www.ds-lighting.de\/index.php\/agbs\/\"]}]},{\"@type\":\"BreadcrumbList\",\"@id\":\"https:\/\/www.ds-lighting.de\/index.php\/agbs\/#breadcrumb\",\"itemListElement\":[{\"@type\":\"ListItem\",\"position\":1,\"name\":\"Home\",\"item\":\"https:\/\/www.ds-lighting.de\/\"},{\"@type\":\"ListItem\",\"position\":2,\"name\":\"AGB`s\"}]},{\"@type\":\"WebSite\",\"@id\":\"https:\/\/www.ds-lighting.de\/#website\",\"url\":\"https:\/\/www.ds-lighting.de\/\",\"name\":\"DS Lighting\",\"description\":\"Freier Lichttechniker\",\"publisher\":{\"@id\":\"https:\/\/www.ds-lighting.de\/#organization\"},\"potentialAction\":[{\"@type\":\"SearchAction\",\"target\":{\"@type\":\"EntryPoint\",\"urlTemplate\":\"https:\/\/www.ds-lighting.de\/?s={search_term_string}\"},\"query-input\":\"required name=search_term_string\"}],\"inLanguage\":\"de\"},{\"@type\":\"Organization\",\"@id\":\"https:\/\/www.ds-lighting.de\/#organization\",\"name\":\"DS Lighting\",\"url\":\"https:\/\/www.ds-lighting.de\/\",\"logo\":{\"@type\":\"ImageObject\",\"inLanguage\":\"de\",\"@id\":\"https:\/\/www.ds-lighting.de\/#\/schema\/logo\/image\/\",\"url\":\"https:\/\/www.ds-lighting.de\/wp-content\/uploads\/2025\/04\/IMG_0445-2.gif\",\"contentUrl\":\"https:\/\/www.ds-lighting.de\/wp-content\/uploads\/2025\/04\/IMG_0445-2.gif\",\"width\":1000,\"height\":414,\"caption\":\"DS Lighting\"},\"image\":{\"@id\":\"https:\/\/www.ds-lighting.de\/#\/schema\/logo\/image\/\"}}]}<\/script>\n<!-- \/ Yoast SEO plugin. -->","yoast_head_json":{"title":"AGB`s - DS Lighting","robots":{"index":"index","follow":"follow","max-snippet":"max-snippet:-1","max-image-preview":"max-image-preview:large","max-video-preview":"max-video-preview:-1"},"canonical":"https:\/\/www.ds-lighting.de\/index.php\/agbs\/","og_locale":"de_DE","og_type":"article","og_title":"AGB`s - DS Lighting","og_description":"1.Allgemeine Bestimmungen F\u00fcr alle Angebote und Leistungen von DS Lighting gelten ausschlie\u00dflich die nachstehenden Allgemeinen Gesch\u00e4ftsbedingungen (AGB). Abweichende Bestimmungen sind nur g\u00fcltig, wenn sie vom Unternehmen ausdr\u00fccklich schriftlich anerkannt wurden. 2.Angebote und Preise 2.1 Unsere Angebote sind freibleibend und unverbindlich. Ein Vertrag (Auftrag) mit dem Kunden kommt erst mit Erteilung&hellip;","og_url":"https:\/\/www.ds-lighting.de\/index.php\/agbs\/","og_site_name":"DS Lighting","article_modified_time":"2019-12-02T09:38:16+00:00","twitter_card":"summary_large_image","twitter_misc":{"Gesch\u00e4tzte Lesezeit":"2\u00a0Minuten"},"schema":{"@context":"https:\/\/schema.org","@graph":[{"@type":"WebPage","@id":"https:\/\/www.ds-lighting.de\/index.php\/agbs\/","url":"https:\/\/www.ds-lighting.de\/index.php\/agbs\/","name":"AGB`s - DS Lighting","isPartOf":{"@id":"https:\/\/www.ds-lighting.de\/#website"},"datePublished":"2019-12-02T09:38:14+00:00","dateModified":"2019-12-02T09:38:16+00:00","breadcrumb":{"@id":"https:\/\/www.ds-lighting.de\/index.php\/agbs\/#breadcrumb"},"inLanguage":"de","potentialAction":[{"@type":"ReadAction","target":["https:\/\/www.ds-lighting.de\/index.php\/agbs\/"]}]},{"@type":"BreadcrumbList","@id":"https:\/\/www.ds-lighting.de\/index.php\/agbs\/#breadcrumb","itemListElement":[{"@type":"ListItem","position":1,"name":"Home","item":"https:\/\/www.ds-lighting.de\/"},{"@type":"ListItem","position":2,"name":"AGB`s"}]},{"@type":"WebSite","@id":"https:\/\/www.ds-lighting.de\/#website","url":"https:\/\/www.ds-lighting.de\/","name":"DS Lighting","description":"Freier Lichttechniker","publisher":{"@id":"https:\/\/www.ds-lighting.de\/#organization"},"potentialAction":[{"@type":"SearchAction","target":{"@type":"EntryPoint","urlTemplate":"https:\/\/www.ds-lighting.de\/?s={search_term_string}"},"query-input":"required name=search_term_string"}],"inLanguage":"de"},{"@type":"Organization","@id":"https:\/\/www.ds-lighting.de\/#organization","name":"DS Lighting","url":"https:\/\/www.ds-lighting.de\/","logo":{"@type":"ImageObject","inLanguage":"de","@id":"https:\/\/www.ds-lighting.de\/#\/schema\/logo\/image\/","url":"https:\/\/www.ds-lighting.de\/wp-content\/uploads\/2025\/04\/IMG_0445-2.gif","contentUrl":"https:\/\/www.ds-lighting.de\/wp-content\/uploads\/2025\/04\/IMG_0445-2.gif","width":1000,"height":414,"caption":"DS Lighting"},"image":{"@id":"https:\/\/www.ds-lighting.de\/#\/schema\/logo\/image\/"}}]}},"jetpack_sharing_enabled":true,"_links":{"self":[{"href":"https:\/\/www.ds-lighting.de\/index.php\/wp-json\/wp\/v2\/pages\/29"}],"collection":[{"href":"https:\/\/www.ds-lighting.de\/index.php\/wp-json\/wp\/v2\/pages"}],"about":[{"href":"https:\/\/www.ds-lighting.de\/index.php\/wp-json\/wp\/v2\/types\/page"}],"author":[{"embeddable":true,"href":"https:\/\/www.ds-lighting.de\/index.php\/wp-json\/wp\/v2\/users\/1"}],"replies":[{"embeddable":true,"href":"https:\/\/www.ds-lighting.de\/index.php\/wp-json\/wp\/v2\/comments?post=29"}],"version-history":[{"count":1,"href":"https:\/\/www.ds-lighting.de\/index.php\/wp-json\/wp\/v2\/pages\/29\/revisions"}],"predecessor-version":[{"id":30,"href":"https:\/\/www.ds-lighting.de\/index.php\/wp-json\/wp\/v2\/pages\/29\/revisions\/30"}],"wp:attachment":[{"href":"https:\/\/www.ds-lighting.de\/index.php\/wp-json\/wp\/v2\/media?parent=29"}],"curies":[{"name":"wp","href":"https:\/\/api.w.org\/{rel}","templated":true}]}}