{"id":21,"date":"2019-12-02T09:20:48","date_gmt":"2019-12-02T09:20:48","guid":{"rendered":"https:\/\/www.ds-lighting.de\/?page_id=21"},"modified":"2025-04-17T23:45:04","modified_gmt":"2025-04-17T21:45:04","slug":"ueber-uns","status":"publish","type":"page","link":"https:\/\/www.ds-lighting.de\/index.php\/ueber-uns\/","title":{"rendered":"\u00dcber uns"},"content":{"rendered":"\n<div class=\"wp-block-media-text alignwide is-stacked-on-mobile\"><figure class=\"wp-block-media-text__media\"><img fetchpriority=\"high\" decoding=\"async\" width=\"1024\" height=\"683\" src=\"https:\/\/www.ds-lighting.de\/wp-content\/uploads\/2025\/04\/IMG_9976-1024x683.jpg\" alt=\"\" class=\"wp-image-489 size-full\" srcset=\"https:\/\/www.ds-lighting.de\/wp-content\/uploads\/2025\/04\/IMG_9976-1024x683.jpg 1024w, https:\/\/www.ds-lighting.de\/wp-content\/uploads\/2025\/04\/IMG_9976-300x200.jpg 300w, https:\/\/www.ds-lighting.de\/wp-content\/uploads\/2025\/04\/IMG_9976-768x512.jpg 768w, https:\/\/www.ds-lighting.de\/wp-content\/uploads\/2025\/04\/IMG_9976-1536x1024.jpg 1536w, https:\/\/www.ds-lighting.de\/wp-content\/uploads\/2025\/04\/IMG_9976.jpg 2048w\" sizes=\"(max-width: 1024px) 100vw, 1024px\" \/><\/figure><div class=\"wp-block-media-text__content\">\n<p>Hinter DS Lighting steht David Schneider, ein erfahrener freier Lichttechniker mit einer Leidenschaft f\u00fcr beeindruckende Lichtdesigns. Seit der Gr\u00fcndung im Januar 2005 haben wir uns darauf spezialisiert, innovative L\u00f6sungen im Bereich Operating, Systemerstellung und die Planung von B\u00fchnendesigns anzubieten.<\/p>\n<\/div><\/div>\n\n\n<div class=\"overflow-x-auto relative\" dir=\"auto\">\n<p><span style=\"font-size: revert;\">Mit \u00fcber 20 Jahren Erfahrung in der Branche arbeiten wir eng mit unseren Kunden zusammen, um ma\u00dfgeschneiderte Lichtkonzepte zu entwickeln, die ihre Veranstaltungen zum Strahlen bringen. Unser Ziel ist es, durch kreative Lichtgestaltung die Atmosph\u00e4re und Stimmung jeder B\u00fchne zu maximieren.<\/span><\/p>\n<\/div>\n<div class=\"overflow-x-auto relative\" dir=\"auto\">\n<div>\n<p>Bei DS Lighting setzen wir auf Qualit\u00e4t und Professionalit\u00e4t, um sicherzustellen, dass jedes Projekt erfolgreich umgesetzt wird. Egal, ob es sich um ein kleines Event oder eine gro\u00dfe Produktion handelt, wir stehen Ihnen mit unserem Fachwissen und unserer Leidenschaft zur Seite.<\/p>\n<\/div>\n<\/div>\n<div class=\"overflow-x-auto relative\" dir=\"auto\">\n<div>\n<p>Erfahren Sie mehr \u00fcber unsere Dienstleistungen und lassen Sie uns gemeinsam Ihre n\u00e4chste Veranstaltung in ein unvergessliches Erlebnis verwandeln.<\/p>\n<\/div>\n<\/div>\n<p>&nbsp;<\/p>\n<p><!-- Created with Elementor --><\/p>","protected":false},"excerpt":{"rendered":"<p>Hinter DS Lighting steht David Schneider, ein erfahrener freier Lichttechniker mit einer Leidenschaft f\u00fcr beeindruckende Lichtdesigns. Seit der Gr\u00fcndung im Januar 2005 haben wir uns darauf spezialisiert, innovative L\u00f6sungen im Bereich Operating, Systemerstellung und die Planung von B\u00fchnendesigns anzubieten. Mit \u00fcber 20 Jahren Erfahrung in der Branche arbeiten wir eng&hellip;<\/p>\n","protected":false},"author":1,"featured_media":0,"parent":0,"menu_order":0,"comment_status":"closed","ping_status":"closed","template":"","meta":{"ngg_post_thumbnail":0},"yoast_head":"<!-- This site is optimized with the Yoast SEO plugin v21.8.1 - https:\/\/yoast.com\/wordpress\/plugins\/seo\/ -->\n<title>\u00dcber uns - DS Lighting<\/title>\n<meta name=\"robots\" content=\"index, follow, max-snippet:-1, max-image-preview:large, max-video-preview:-1\" \/>\n<link rel=\"canonical\" href=\"https:\/\/www.ds-lighting.de\/index.php\/ueber-uns\/\" \/>\n<meta property=\"og:locale\" content=\"de_DE\" \/>\n<meta property=\"og:type\" content=\"article\" \/>\n<meta property=\"og:title\" content=\"\u00dcber uns - DS Lighting\" \/>\n<meta property=\"og:description\" content=\"Hinter DS Lighting steht David Schneider, ein erfahrener freier Lichttechniker mit einer Leidenschaft f\u00fcr beeindruckende Lichtdesigns. Seit der Gr\u00fcndung im Januar 2005 haben wir uns darauf spezialisiert, innovative L\u00f6sungen im Bereich Operating, Systemerstellung und die Planung von B\u00fchnendesigns anzubieten. Mit \u00fcber 20 Jahren Erfahrung in der Branche arbeiten wir eng&hellip;\" \/>\n<meta property=\"og:url\" content=\"https:\/\/www.ds-lighting.de\/index.php\/ueber-uns\/\" \/>\n<meta property=\"og:site_name\" content=\"DS Lighting\" \/>\n<meta property=\"article:modified_time\" content=\"2025-04-17T21:45:04+00:00\" \/>\n<meta property=\"og:image\" content=\"https:\/\/www.ds-lighting.de\/wp-content\/uploads\/2025\/04\/IMG_9976-1024x683.jpg\" \/>\n<meta name=\"twitter:card\" content=\"summary_large_image\" \/>\n<meta name=\"twitter:label1\" content=\"Gesch\u00e4tzte Lesezeit\" \/>\n\t<meta name=\"twitter:data1\" content=\"1\u00a0Minute\" \/>\n<script type=\"application\/ld+json\" class=\"yoast-schema-graph\">{\"@context\":\"https:\/\/schema.org\",\"@graph\":[{\"@type\":\"WebPage\",\"@id\":\"https:\/\/www.ds-lighting.de\/index.php\/ueber-uns\/\",\"url\":\"https:\/\/www.ds-lighting.de\/index.php\/ueber-uns\/\",\"name\":\"\u00dcber uns - DS Lighting\",\"isPartOf\":{\"@id\":\"https:\/\/www.ds-lighting.de\/#website\"},\"datePublished\":\"2019-12-02T09:20:48+00:00\",\"dateModified\":\"2025-04-17T21:45:04+00:00\",\"breadcrumb\":{\"@id\":\"https:\/\/www.ds-lighting.de\/index.php\/ueber-uns\/#breadcrumb\"},\"inLanguage\":\"de\",\"potentialAction\":[{\"@type\":\"ReadAction\",\"target\":[\"https:\/\/www.ds-lighting.de\/index.php\/ueber-uns\/\"]}]},{\"@type\":\"BreadcrumbList\",\"@id\":\"https:\/\/www.ds-lighting.de\/index.php\/ueber-uns\/#breadcrumb\",\"itemListElement\":[{\"@type\":\"ListItem\",\"position\":1,\"name\":\"Home\",\"item\":\"https:\/\/www.ds-lighting.de\/\"},{\"@type\":\"ListItem\",\"position\":2,\"name\":\"\u00dcber uns\"}]},{\"@type\":\"WebSite\",\"@id\":\"https:\/\/www.ds-lighting.de\/#website\",\"url\":\"https:\/\/www.ds-lighting.de\/\",\"name\":\"DS Lighting\",\"description\":\"Freier Lichttechniker\",\"publisher\":{\"@id\":\"https:\/\/www.ds-lighting.de\/#organization\"},\"potentialAction\":[{\"@type\":\"SearchAction\",\"target\":{\"@type\":\"EntryPoint\",\"urlTemplate\":\"https:\/\/www.ds-lighting.de\/?s={search_term_string}\"},\"query-input\":\"required name=search_term_string\"}],\"inLanguage\":\"de\"},{\"@type\":\"Organization\",\"@id\":\"https:\/\/www.ds-lighting.de\/#organization\",\"name\":\"DS Lighting\",\"url\":\"https:\/\/www.ds-lighting.de\/\",\"logo\":{\"@type\":\"ImageObject\",\"inLanguage\":\"de\",\"@id\":\"https:\/\/www.ds-lighting.de\/#\/schema\/logo\/image\/\",\"url\":\"https:\/\/www.ds-lighting.de\/wp-content\/uploads\/2025\/04\/IMG_0445-2.gif\",\"contentUrl\":\"https:\/\/www.ds-lighting.de\/wp-content\/uploads\/2025\/04\/IMG_0445-2.gif\",\"width\":1000,\"height\":414,\"caption\":\"DS Lighting\"},\"image\":{\"@id\":\"https:\/\/www.ds-lighting.de\/#\/schema\/logo\/image\/\"}}]}<\/script>\n<!-- \/ Yoast SEO plugin. -->","yoast_head_json":{"title":"\u00dcber uns - DS Lighting","robots":{"index":"index","follow":"follow","max-snippet":"max-snippet:-1","max-image-preview":"max-image-preview:large","max-video-preview":"max-video-preview:-1"},"canonical":"https:\/\/www.ds-lighting.de\/index.php\/ueber-uns\/","og_locale":"de_DE","og_type":"article","og_title":"\u00dcber uns - DS Lighting","og_description":"Hinter DS Lighting steht David Schneider, ein erfahrener freier Lichttechniker mit einer Leidenschaft f\u00fcr beeindruckende Lichtdesigns. Seit der Gr\u00fcndung im Januar 2005 haben wir uns darauf spezialisiert, innovative L\u00f6sungen im Bereich Operating, Systemerstellung und die Planung von B\u00fchnendesigns anzubieten. Mit \u00fcber 20 Jahren Erfahrung in der Branche arbeiten wir eng&hellip;","og_url":"https:\/\/www.ds-lighting.de\/index.php\/ueber-uns\/","og_site_name":"DS Lighting","article_modified_time":"2025-04-17T21:45:04+00:00","og_image":[{"url":"https:\/\/www.ds-lighting.de\/wp-content\/uploads\/2025\/04\/IMG_9976-1024x683.jpg"}],"twitter_card":"summary_large_image","twitter_misc":{"Gesch\u00e4tzte Lesezeit":"1\u00a0Minute"},"schema":{"@context":"https:\/\/schema.org","@graph":[{"@type":"WebPage","@id":"https:\/\/www.ds-lighting.de\/index.php\/ueber-uns\/","url":"https:\/\/www.ds-lighting.de\/index.php\/ueber-uns\/","name":"\u00dcber uns - DS Lighting","isPartOf":{"@id":"https:\/\/www.ds-lighting.de\/#website"},"datePublished":"2019-12-02T09:20:48+00:00","dateModified":"2025-04-17T21:45:04+00:00","breadcrumb":{"@id":"https:\/\/www.ds-lighting.de\/index.php\/ueber-uns\/#breadcrumb"},"inLanguage":"de","potentialAction":[{"@type":"ReadAction","target":["https:\/\/www.ds-lighting.de\/index.php\/ueber-uns\/"]}]},{"@type":"BreadcrumbList","@id":"https:\/\/www.ds-lighting.de\/index.php\/ueber-uns\/#breadcrumb","itemListElement":[{"@type":"ListItem","position":1,"name":"Home","item":"https:\/\/www.ds-lighting.de\/"},{"@type":"ListItem","position":2,"name":"\u00dcber uns"}]},{"@type":"WebSite","@id":"https:\/\/www.ds-lighting.de\/#website","url":"https:\/\/www.ds-lighting.de\/","name":"DS Lighting","description":"Freier Lichttechniker","publisher":{"@id":"https:\/\/www.ds-lighting.de\/#organization"},"potentialAction":[{"@type":"SearchAction","target":{"@type":"EntryPoint","urlTemplate":"https:\/\/www.ds-lighting.de\/?s={search_term_string}"},"query-input":"required name=search_term_string"}],"inLanguage":"de"},{"@type":"Organization","@id":"https:\/\/www.ds-lighting.de\/#organization","name":"DS Lighting","url":"https:\/\/www.ds-lighting.de\/","logo":{"@type":"ImageObject","inLanguage":"de","@id":"https:\/\/www.ds-lighting.de\/#\/schema\/logo\/image\/","url":"https:\/\/www.ds-lighting.de\/wp-content\/uploads\/2025\/04\/IMG_0445-2.gif","contentUrl":"https:\/\/www.ds-lighting.de\/wp-content\/uploads\/2025\/04\/IMG_0445-2.gif","width":1000,"height":414,"caption":"DS Lighting"},"image":{"@id":"https:\/\/www.ds-lighting.de\/#\/schema\/logo\/image\/"}}]}},"jetpack_sharing_enabled":true,"_links":{"self":[{"href":"https:\/\/www.ds-lighting.de\/index.php\/wp-json\/wp\/v2\/pages\/21"}],"collection":[{"href":"https:\/\/www.ds-lighting.de\/index.php\/wp-json\/wp\/v2\/pages"}],"about":[{"href":"https:\/\/www.ds-lighting.de\/index.php\/wp-json\/wp\/v2\/types\/page"}],"author":[{"embeddable":true,"href":"https:\/\/www.ds-lighting.de\/index.php\/wp-json\/wp\/v2\/users\/1"}],"replies":[{"embeddable":true,"href":"https:\/\/www.ds-lighting.de\/index.php\/wp-json\/wp\/v2\/comments?post=21"}],"version-history":[{"count":9,"href":"https:\/\/www.ds-lighting.de\/index.php\/wp-json\/wp\/v2\/pages\/21\/revisions"}],"predecessor-version":[{"id":490,"href":"https:\/\/www.ds-lighting.de\/index.php\/wp-json\/wp\/v2\/pages\/21\/revisions\/490"}],"wp:attachment":[{"href":"https:\/\/www.ds-lighting.de\/index.php\/wp-json\/wp\/v2\/media?parent=21"}],"curies":[{"name":"wp","href":"https:\/\/api.w.org\/{rel}","templated":true}]}}